{"id":112,"date":"2022-01-24T20:39:48","date_gmt":"2022-01-24T20:39:48","guid":{"rendered":"https:\/\/cetprofeyalegria56.edu.pe\/?page_id=112"},"modified":"2026-04-07T15:47:14","modified_gmt":"2026-04-07T15:47:14","slug":"modulos-profesionales","status":"publish","type":"page","link":"https:\/\/cetprofeyalegria56.edu.pe\/","title":{"rendered":"AUXILIAR TECNICO"},"content":{"rendered":"<h1><strong>SOPORTE T\u00c9CNICO Y OPERACION DE CNETROS DE COMPUTO<\/strong><\/h1>\n<style>\/*! elementor - v3.5.3 - 28-12-2021 *\/\n.elementor-heading-title{padding:0;margin:0;line-height:1}.elementor-widget-heading .elementor-heading-title[class*=elementor-size-]>a{color:inherit;font-size:inherit;line-height:inherit}.elementor-widget-heading .elementor-heading-title.elementor-size-small{font-size:15px}.elementor-widget-heading .elementor-heading-title.elementor-size-medium{font-size:19px}.elementor-widget-heading .elementor-heading-title.elementor-size-large{font-size:29px}.elementor-widget-heading .elementor-heading-title.elementor-size-xl{font-size:39px}.elementor-widget-heading .elementor-heading-title.elementor-size-xxl{font-size:59px}<\/style>\n<h2>\n<h2 style=\"font-weight: 600; font-size: 2rem; font-family: Roboto, sans-serif; color: rgb(255, 255, 255);\">Presentaci\u00f3n<\/h2>\n<p data-sourcepos=\"3:1-3:399\" style=\"margin-top: 0px; margin-bottom: 1.5em;\">La tecnolog\u00eda es una parte fundamental de la vida moderna, y la demanda de profesionales en el campo del soporte t\u00e9cnico y las operaciones de centro de c\u00f3mputo sigue creciendo. Por ello, CETPRO ofrece la especialidad de Soporte t\u00e9cnico y operaciones de centro de c\u00f3mputo, una oportunidad para que los estudiantes desarrollen las habilidades y conocimientos necesarios para desempe\u00f1arse en esta \u00e1rea.<\/p>\n<p data-sourcepos=\"5:1-5:349\" style=\"margin-top: 0px; margin-bottom: 1.5em;\">El programa de estudios de la especialidad de Soporte t\u00e9cnico y operaciones de centro de c\u00f3mputo cubre los fundamentos de la inform\u00e1tica, desde el hardware hasta el software, as\u00ed como las aplicaciones m\u00e1s utilizadas en el mundo laboral. Los estudiantes tambi\u00e9n aprenden a desarrollar sus habilidades de pensamiento cr\u00edtico y resoluci\u00f3n de problemas.<\/p>\n<p data-sourcepos=\"7:1-7:182\" style=\"margin-top: 0px; margin-bottom: 1.5em;\">Al finalizar el programa, los estudiantes estar\u00e1n preparados para trabajar en una variedad de campos relacionados con el soporte t\u00e9cnico y las operaciones de centro de c\u00f3mputo, como:<\/p>\n<ul data-sourcepos=\"9:1-13:0\" style=\"padding-left: 2rem; margin-left: 3em;\">\n<li data-sourcepos=\"9:1-9:28\">Soporte t\u00e9cnico a usuarios<\/li>\n<li data-sourcepos=\"10:1-10:31\">Mantenimiento de computadoras<\/li>\n<li data-sourcepos=\"11:1-11:25\">Administraci\u00f3n de redes<\/li>\n<li data-sourcepos=\"12:1-13:0\">Instalaci\u00f3n de software y hardware<\/li>\n<\/ul>\n<p data-sourcepos=\"14:1-14:190\" style=\"margin-top: 0px; margin-bottom: 1.5em;\">La especialidad de Soporte t\u00e9cnico y operaciones de centro de c\u00f3mputo es una excelente opci\u00f3n para los j\u00f3venes que desean adquirir una formaci\u00f3n t\u00e9cnica en un campo con alta demanda laboral.<\/p>\n<p data-sourcepos=\"16:1-16:87\" style=\"margin-top: 0px; margin-bottom: 1.5em;\"><strong style=\"font-weight: bold;\">Beneficios de estudiar Soporte t\u00e9cnico y operaciones de centro de c\u00f3mputo en CETPRO<\/strong><\/p>\n<ul data-sourcepos=\"18:1-22:0\" style=\"padding-left: 2rem; margin-left: 3em;\">\n<li data-sourcepos=\"18:1-18:51\">Formaci\u00f3n pr\u00e1ctica y orientada al mercado laboral<\/li>\n<li data-sourcepos=\"19:1-19:51\">Oportunidades de empleo en una variedad de campos<\/li>\n<li data-sourcepos=\"20:1-20:49\">Desarrollo de habilidades de pensamiento cr\u00edtico y resoluci\u00f3n de problemas<\/li>\n<\/ul>\n<h2 style=\"font-weight: 600; font-size: 2rem; font-family: Roboto, sans-serif; color: rgb(255, 255, 255);\">Perfil del egresado<\/h2>\n<p style=\"margin-top: 0px; margin-bottom: 1.5em;\">El Auxiliar T\u00e9cnico de Soporte T\u00e9cnico y Operaciones de Centros de C\u00f3mputo, es competente en realizar la atenci\u00f3n de requerimientos, incidentes y problemas de primer nivel, asimismo asistir a nivel operativo y funcional en la etapa de puesta en marcha de los sistemas o servicios de tecnolog\u00edas de la informaci\u00f3n, de acuerdo a la normatividad vigente as\u00ed como ejecutar acciones de monitoreo y otras acciones operativas programadas, de acuerdo con las buenas pr\u00e1cticas de aseguramiento de operaci\u00f3n del CPD y salvaguarda de la informaci\u00f3n del negocio. Utiliza de manera adecuada las diversas herramientas de las TIC, busca, analiza informaci\u00f3n y se comunica con otros de forma efectiva; emprende nuevas oportunidades de negocios y proyectos sostenibles, muestra un trabajo comprometido, colaborativo, estableciendo relaciones de respeto y justicia con los dem\u00e1s.<\/p>\n<h2 style=\"font-weight: 600; font-size: 2rem; font-family: Roboto, sans-serif; color: rgb(255, 255, 255);\">Modulos<\/h2>\n<ul style=\"padding-left: 2rem; margin-left: 3em;\">\n<li>Atenci\u00f3n de Incidentes y problemas de Operatividad en el Centro de C\u00f3mputo.<\/li>\n<li>Monitoreo y acciones de mantenimiento de Centros de C\u00f3mputo.<\/li>\n<\/ul>\n<h2 style=\"font-weight: 600; font-size: 2rem; font-family: Roboto, sans-serif; color: rgb(255, 255, 255);\">Modulo I &#8211; Atenci\u00f3n de Incidentes y problemas de Operatividad en el Centro de C\u00f3mputo<\/h2>\n<h2 style=\"font-weight: 600; font-size: 2rem; font-family: Roboto, sans-serif; color: rgb(110, 193, 228);\">Competencia<\/h2>\n<ul style=\"padding-left: 2rem; margin-left: 3em;\">\n<li>Atender requerimientos, incidentes y problemas de primer nivel, asimismo brindar asistencia a nivel operativo y funcional en la etapa de puesta en marcha de los sistemas o servicios de TI, seg\u00fan los procedimientos internos de atenci\u00f3n, dise\u00f1o del sistema o servicios, plan de implantaci\u00f3n y buenas pr\u00e1cticas de TI<\/li>\n<li>Expresar de manera clara, conceptos, ideas, sentimientos, hechos y opiniones en forma oral y escrita para comunicarse e interactuar con otras personas en contextos sociales y laborales diversos.<\/li>\n<li>Manejar herramientas inform\u00e1ticas de las TIC para buscar y analizar informaci\u00f3n, comunicarse y realizar procedimientos o tareas vinculados al \u00e1rea profesional, de acuerdo con los requerimiento de su entorno laboral.<\/li>\n<\/ul>\n<h2 style=\"font-weight: 600; font-size: 2rem; font-family: Roboto, sans-serif; color: rgb(110, 193, 228);\">Unidades did\u00e1cticas (cursos)<\/h2>\n<ul style=\"padding-left: 2rem; margin-left: 3em;\">\n<li>Organizaci\u00f3n del \u00c1rea de Trabajo y Arquitectura de Hardware<\/li>\n<li>Atenci\u00f3n de incidentes y diagn\u00f3stico del Centro de C\u00f3mputo<\/li>\n<li>Mantenimiento Predictivo y Correctivo de Equipos y Sistemas del Centro de C\u00f3mputo<\/li>\n<li>Asistencia T\u00e9cnica en Recursos inform\u00e1ticos presencial y a distancia<\/li>\n<li>Habilidades Comunicativas<\/li>\n<li>Herramientas de oficina y aplicaciones de internet<\/li>\n<\/ul>\n<h2 style=\"font-weight: 600; font-size: 2rem; font-family: Roboto, sans-serif; color: rgb(110, 193, 228);\">Descripcion:<\/h2>\n<h3 style=\"font-weight: 600; font-size: 1.75rem; font-family: Roboto, sans-serif; color: rgb(255, 255, 255);\">Unidad 1: Curso de Organizaci\u00f3n del \u00c1rea de Trabajo y Arquitectura de Hardware<\/h3>\n<p><img fetchpriority=\"high\" decoding=\"async\" width=\"640\" height=\"427\" src=\"https:\/\/salestec.edu.pe\/inicio\/wp-content\/uploads\/2023\/10\/Soporte-Unidad1-OrganizacionTaller-768x512.jpg\" alt=\"\" srcset=\"https:\/\/salestec.edu.pe\/inicio\/wp-content\/uploads\/2023\/10\/Soporte-Unidad1-OrganizacionTaller-768x512.jpg 768w, https:\/\/salestec.edu.pe\/inicio\/wp-content\/uploads\/2023\/10\/Soporte-Unidad1-OrganizacionTaller-300x200.jpg 300w, https:\/\/salestec.edu.pe\/inicio\/wp-content\/uploads\/2023\/10\/Soporte-Unidad1-OrganizacionTaller-1024x683.jpg 1024w, https:\/\/salestec.edu.pe\/inicio\/wp-content\/uploads\/2023\/10\/Soporte-Unidad1-OrganizacionTaller.jpg 1152w\" sizes=\"(max-width: 640px) 100vw, 640px\"><\/p>\n<p style=\"margin-top: 0px; margin-bottom: 1.5em; text-align: right;\"><strong style=\"font-weight: bold;\">Duraci\u00f3n:<\/strong>&nbsp;80 horas<\/p>\n<h3 style=\"font-weight: 600; font-size: 1.75rem; font-family: Roboto, sans-serif; color: rgb(255, 255, 255);\">Unidad 2: Atenci\u00f3n de incidentes y diagn\u00f3stico del Centro de C\u00f3mputo<\/h3>\n<p><img loading=\"lazy\" decoding=\"async\" width=\"640\" height=\"427\" src=\"https:\/\/salestec.edu.pe\/inicio\/wp-content\/uploads\/2023\/10\/Soporte-Unidad2-DiagnosticoPC-768x512.jpg\" alt=\"\" srcset=\"https:\/\/salestec.edu.pe\/inicio\/wp-content\/uploads\/2023\/10\/Soporte-Unidad2-DiagnosticoPC-768x512.jpg 768w, https:\/\/salestec.edu.pe\/inicio\/wp-content\/uploads\/2023\/10\/Soporte-Unidad2-DiagnosticoPC-300x200.jpg 300w, https:\/\/salestec.edu.pe\/inicio\/wp-content\/uploads\/2023\/10\/Soporte-Unidad2-DiagnosticoPC-1024x683.jpg 1024w, https:\/\/salestec.edu.pe\/inicio\/wp-content\/uploads\/2023\/10\/Soporte-Unidad2-DiagnosticoPC-1536x1024.jpg 1536w, https:\/\/salestec.edu.pe\/inicio\/wp-content\/uploads\/2023\/10\/Soporte-Unidad2-DiagnosticoPC.jpg 1600w\" sizes=\"auto, (max-width: 640px) 100vw, 640px\"><\/p>\n<p style=\"margin-top: 0px; margin-bottom: 1.5em; text-align: right;\"><strong style=\"font-weight: bold;\">Duraci\u00f3n:<\/strong>&nbsp;48 horas<\/p>\n<h3 style=\"font-weight: 600; font-size: 1.75rem; font-family: Roboto, sans-serif; color: rgb(255, 255, 255);\">Unidad 3: Mantenimiento Predictivo y Correctivo de Equipos y Sistemas del Centro de C\u00f3mputo<\/h3>\n<p><img loading=\"lazy\" decoding=\"async\" width=\"640\" height=\"640\" src=\"https:\/\/salestec.edu.pe\/inicio\/wp-content\/uploads\/2023\/10\/Soporte-Unidad3-MantenimientoPC-768x768.jpg\" alt=\"\" srcset=\"https:\/\/salestec.edu.pe\/inicio\/wp-content\/uploads\/2023\/10\/Soporte-Unidad3-MantenimientoPC-768x768.jpg 768w, https:\/\/salestec.edu.pe\/inicio\/wp-content\/uploads\/2023\/10\/Soporte-Unidad3-MantenimientoPC-300x300.jpg 300w, https:\/\/salestec.edu.pe\/inicio\/wp-content\/uploads\/2023\/10\/Soporte-Unidad3-MantenimientoPC-1024x1024.jpg 1024w, https:\/\/salestec.edu.pe\/inicio\/wp-content\/uploads\/2023\/10\/Soporte-Unidad3-MantenimientoPC-150x150.jpg 150w, https:\/\/salestec.edu.pe\/inicio\/wp-content\/uploads\/2023\/10\/Soporte-Unidad3-MantenimientoPC.jpg 1080w\" sizes=\"auto, (max-width: 640px) 100vw, 640px\"><\/p>\n<p style=\"margin-top: 0px; margin-bottom: 1.5em; text-align: right;\"><strong style=\"font-weight: bold;\">Duraci\u00f3n:<\/strong>&nbsp;48 horas<\/p>\n<h3 style=\"font-weight: 600; font-size: 1.75rem; font-family: Roboto, sans-serif; color: rgb(255, 255, 255);\">Unidad 4: Asistencia T\u00e9cnica en Recursos inform\u00e1ticos presencial y a distancia<\/h3>\n<p><img loading=\"lazy\" decoding=\"async\" width=\"640\" height=\"427\" src=\"https:\/\/salestec.edu.pe\/inicio\/wp-content\/uploads\/2023\/10\/Soporte-Unidad4-AsistenciaPC-768x512.jpg\" alt=\"\" srcset=\"https:\/\/salestec.edu.pe\/inicio\/wp-content\/uploads\/2023\/10\/Soporte-Unidad4-AsistenciaPC-768x512.jpg 768w, https:\/\/salestec.edu.pe\/inicio\/wp-content\/uploads\/2023\/10\/Soporte-Unidad4-AsistenciaPC-300x200.jpg 300w, https:\/\/salestec.edu.pe\/inicio\/wp-content\/uploads\/2023\/10\/Soporte-Unidad4-AsistenciaPC-1024x683.jpg 1024w, https:\/\/salestec.edu.pe\/inicio\/wp-content\/uploads\/2023\/10\/Soporte-Unidad4-AsistenciaPC.jpg 1152w\" sizes=\"auto, (max-width: 640px) 100vw, 640px\"><\/p>\n<p style=\"margin-top: 0px; margin-bottom: 1.5em; text-align: right;\"><strong style=\"font-weight: bold;\">Duraci\u00f3n:<\/strong>&nbsp;64 horas<\/p>\n<h2 style=\"font-weight: 600; font-size: 2rem; font-family: Roboto, sans-serif; color: rgb(255, 255, 255);\">Modulo II &#8211; Monitoreo y acciones de mantenimiento de Centros de C\u00f3mputo<\/h2>\n<h2 style=\"font-weight: 600; font-size: 2rem; font-family: Roboto, sans-serif; color: rgb(110, 193, 228);\">Competencia<\/h2>\n<ul style=\"padding-left: 2rem; margin-left: 3em;\">\n<li>Ejecutar acciones de monitoreo y otras acciones operativas programadas, de acuerdo con las buenas pr\u00e1cticas de aseguramiento de operaci\u00f3n del CPD y salvaguarda de la informaci\u00f3n del negocio.<\/li>\n<li>Identificar nuevas oportunidades de proyectos o negocios que generen valor y sean sostenibles, organizando y distribuyendo los recursos para su funcionamiento con creatividad, liderazgo y \u00e9tica permanente, articulando acciones que permitan desarrollar innovaciones en la creaci\u00f3n de bienes y\/o servicios, as\u00ed como en procesos o productos ya existentes.<\/li>\n<li>Establecer relaciones con respeto y justicia en lo \u00e1mbitos personal, colectivo e institucional, contribuyendo a una convivencia democr\u00e1tica, orientada al bien com\u00fan que considere la diversidad y dignidad de las personas, teniendo en cuenta las consideraciones aplicadas en su contexto laboral.<\/li>\n<\/ul>\n<h2 style=\"font-weight: 600; font-size: 2rem; font-family: Roboto, sans-serif; color: rgb(110, 193, 228);\">Unidades did\u00e1cticas (cursos)<\/h2>\n<ul style=\"padding-left: 2rem; margin-left: 3em;\">\n<li>Monitoreo del rendimiento f\u00edsico y l\u00f3gico del Centro de C\u00f3mputo<\/li>\n<li>Mantenimiento preventivo y Salvaguarda de Informaci\u00f3n en el Centro de C\u00f3mputo<\/li>\n<li>Reportes operativos y herramientas de ofim\u00e1tica<\/li>\n<li>Cultura del Emprendimiento<\/li>\n<li>Comportamiento \u00c9tico<\/li>\n<\/ul>\n<h2 style=\"font-weight: 600; font-size: 2rem; font-family: Roboto, sans-serif; color: rgb(110, 193, 228);\">Descripcion:<\/h2>\n<h3 style=\"font-weight: 600; font-size: 1.75rem; font-family: Roboto, sans-serif; color: rgb(255, 255, 255);\">Unidad 1: Monitoreo del rendimiento f\u00edsico y l\u00f3gico del Centro de C\u00f3mputo<\/h3>\n<p><img loading=\"lazy\" decoding=\"async\" width=\"640\" height=\"427\" src=\"https:\/\/salestec.edu.pe\/inicio\/wp-content\/uploads\/2023\/10\/Soporte-Unidad7-Monitoreo.jpg\" alt=\"\" srcset=\"https:\/\/salestec.edu.pe\/inicio\/wp-content\/uploads\/2023\/10\/Soporte-Unidad7-Monitoreo.jpg 768w, https:\/\/salestec.edu.pe\/inicio\/wp-content\/uploads\/2023\/10\/Soporte-Unidad7-Monitoreo-300x200.jpg 300w\" sizes=\"auto, (max-width: 640px) 100vw, 640px\"><\/p>\n<p style=\"margin-top: 0px; margin-bottom: 1.5em; text-align: right;\"><strong style=\"font-weight: bold;\">Duraci\u00f3n:<\/strong>&nbsp;96 horas<\/p>\n<h3 style=\"font-weight: 600; font-size: 1.75rem; font-family: Roboto, sans-serif; color: rgb(255, 255, 255);\">Unidad 2: Mantenimiento preventivo y Salvaguarda de Informaci\u00f3n en el Centro de C\u00f3mputo<\/h3>\n<p><img loading=\"lazy\" decoding=\"async\" width=\"640\" height=\"427\" src=\"https:\/\/salestec.edu.pe\/inicio\/wp-content\/uploads\/2023\/10\/Soporte-Unidad8-MantenimientoPreventivo.jpg\" alt=\"\" srcset=\"https:\/\/salestec.edu.pe\/inicio\/wp-content\/uploads\/2023\/10\/Soporte-Unidad8-MantenimientoPreventivo.jpg 768w, https:\/\/salestec.edu.pe\/inicio\/wp-content\/uploads\/2023\/10\/Soporte-Unidad8-MantenimientoPreventivo-300x200.jpg 300w\" sizes=\"auto, (max-width: 640px) 100vw, 640px\"><\/p>\n<p style=\"margin-top: 0px; margin-bottom: 1.5em; text-align: right;\"><strong style=\"font-weight: bold;\">Duraci\u00f3n:<\/strong>&nbsp;96 horas<\/p>\n<h3 style=\"font-weight: 600; font-size: 1.75rem; font-family: Roboto, sans-serif; color: rgb(255, 255, 255);\">Unidad 3: Reportes operativos y herramientas de ofim\u00e1tica<\/h3>\n<p><img loading=\"lazy\" decoding=\"async\" width=\"640\" height=\"427\" src=\"https:\/\/salestec.edu.pe\/inicio\/wp-content\/uploads\/2023\/10\/Soporte-Unidad8-Reporte-1024x683.jpg\" alt=\"\" srcset=\"https:\/\/salestec.edu.pe\/inicio\/wp-content\/uploads\/2023\/10\/Soporte-Unidad8-Reporte-1024x683.jpg 1024w, https:\/\/salestec.edu.pe\/inicio\/wp-content\/uploads\/2023\/10\/Soporte-Unidad8-Reporte-300x200.jpg 300w, https:\/\/salestec.edu.pe\/inicio\/wp-content\/uploads\/2023\/10\/Soporte-Unidad8-Reporte-768x512.jpg 768w, https:\/\/salestec.edu.pe\/inicio\/wp-content\/uploads\/2023\/10\/Soporte-Unidad8-Reporte.jpg 1254w\" sizes=\"auto, (max-width: 640px) 100vw, 640px\" style=\"text-align: center; background-color: rgb(255, 255, 255); color: rgb(76, 76, 76); font-family: &quot;Open Sans&quot;, sans-serif; font-size: 14px; font-weight: 400; white-space-collapse: collapse;\"><\/h2>\n<h2>\u00bfQUI\u00c9NES SOMOS?<\/h2>\n<p><strong>El CETPRO \u00abSanta Mar\u00eda de la Providencia &#8211; Fe y Alegr\u00eda 56\u00bb, se presenta como una alternativa de Educaci\u00f3n T\u00e9cnica productiva, para la juventud del Valle del Tambopata del distrito de San Juan de Oro provincia de Sandia.<\/strong><\/p>\n<h2>SEDE INSTITUCIONAL<br \/>\n<\/h2>\n<p><strong>Direcci\u00f3n: Jr. Titicaca s\/n \u2013 San del Oro \u2013 San Juan del Oro \u2013 Sandia<\/strong><br \/><strong>Puno &#8211; Provincia de Cangallo<\/strong><br \/><strong>bmamani@cetprofeyalegria56.edu.pe <\/strong><br \/><strong>https:\/\/cetprofeyalegria56.edu.pe<\/strong><\/p>\n<h2>CONT\u00c1CTENOS<br \/>\n<\/h2>\n<p><strong>Coordinador: Alberto Mamani Huaricallo<\/strong><br \/><strong>Tel\u00e9fono: 957776789 <\/strong><br \/><strong>bmamani@cetprofeyalegria56.edu.pe<\/strong><\/p>\n<style>\/*! elementor - v3.5.3 - 28-12-2021 *\/\n.elementor-widget-image{text-align:center}.elementor-widget-image a{display:inline-block}.elementor-widget-image a img[src$=\".svg\"]{width:48px}.elementor-widget-image img{vertical-align:middle;display:inline-block}<\/style>\n<p>\t\t\t\t\t\t\t\t\t\t\t\t<img decoding=\"async\" width=\"1024\" height=\"865\" src=\"https:\/\/cetprofeyalegria56.edu.pe\/wp-content\/uploads\/2024\/09\/cropped-WhatsApp-Image-2024-09-13-at-11.21.35-AM-Photoroom-1024x865.png\" alt=\"\" loading=\"lazy\" srcset=\"https:\/\/cetprofeyalegria56.edu.pe\/wp-content\/uploads\/2024\/09\/cropped-WhatsApp-Image-2024-09-13-at-11.21.35-AM-Photoroom-1024x865.png 1024w, https:\/\/cetprofeyalegria56.edu.pe\/wp-content\/uploads\/2024\/09\/cropped-WhatsApp-Image-2024-09-13-at-11.21.35-AM-Photoroom-300x254.png 300w, https:\/\/cetprofeyalegria56.edu.pe\/wp-content\/uploads\/2024\/09\/cropped-WhatsApp-Image-2024-09-13-at-11.21.35-AM-Photoroom-768x649.png 768w, https:\/\/cetprofeyalegria56.edu.pe\/wp-content\/uploads\/2024\/09\/cropped-WhatsApp-Image-2024-09-13-at-11.21.35-AM-Photoroom.png 1278w\" sizes=\"auto, (max-width: 1024px) 100vw, 1024px\" \/><\/p>\n","protected":false},"excerpt":{"rendered":"<p>SOPORTE T\u00c9CNICO Y OPERACION DE CNETROS DE COMPUTO Presentaci\u00f3n La tecnolog\u00eda es una parte fundamental de la vida moderna, y la demanda de profesionales en el campo del soporte t\u00e9cnico y las operaciones de centro de c\u00f3mputo sigue creciendo. Por ello, CETPRO ofrece la especialidad de Soporte t\u00e9cnico y operaciones de centro de c\u00f3mputo, una [&hellip;]<\/p>\n","protected":false},"author":1,"featured_media":0,"parent":20,"menu_order":3,"comment_status":"closed","ping_status":"closed","template":"elementor_theme","meta":{"footnotes":""},"class_list":["post-112","page","type-page","status-publish","hentry"],"blocksy_meta":[],"_links":{"self":[{"href":"https:\/\/cetprofeyalegria56.edu.pe\/index.php\/wp-json\/wp\/v2\/pages\/112","targetHints":{"allow":["GET"]}}],"collection":[{"href":"https:\/\/cetprofeyalegria56.edu.pe\/index.php\/wp-json\/wp\/v2\/pages"}],"about":[{"href":"https:\/\/cetprofeyalegria56.edu.pe\/index.php\/wp-json\/wp\/v2\/types\/page"}],"author":[{"embeddable":true,"href":"https:\/\/cetprofeyalegria56.edu.pe\/index.php\/wp-json\/wp\/v2\/users\/1"}],"replies":[{"embeddable":true,"href":"https:\/\/cetprofeyalegria56.edu.pe\/index.php\/wp-json\/wp\/v2\/comments?post=112"}],"version-history":[{"count":93,"href":"https:\/\/cetprofeyalegria56.edu.pe\/index.php\/wp-json\/wp\/v2\/pages\/112\/revisions"}],"predecessor-version":[{"id":1006,"href":"https:\/\/cetprofeyalegria56.edu.pe\/index.php\/wp-json\/wp\/v2\/pages\/112\/revisions\/1006"}],"up":[{"embeddable":true,"href":"https:\/\/cetprofeyalegria56.edu.pe\/index.php\/wp-json\/wp\/v2\/pages\/20"}],"wp:attachment":[{"href":"https:\/\/cetprofeyalegria56.edu.pe\/index.php\/wp-json\/wp\/v2\/media?parent=112"}],"curies":[{"name":"wp","href":"https:\/\/api.w.org\/{rel}","templated":true}]}}